{"id":2,"date":"2016-05-10T03:48:21","date_gmt":"2016-05-10T03:48:21","guid":{"rendered":"https:\/\/koivukylanapteekki.fi\/?page_id=2"},"modified":"2026-03-27T12:04:40","modified_gmt":"2026-03-27T12:04:40","slug":"sample-page","status":"publish","type":"page","link":"https:\/\/koivukylanapteekki.fi\/","title":{"rendered":"Untitled"},"content":{"rendered":"\n<p><\/p>\n\n\n\n<figure class=\"is-layout-flex wp-block-gallery-1 wp-block-gallery has-nested-images columns-default is-cropped\">\n<figure class=\"wp-block-image size-large\"><img decoding=\"async\" loading=\"lazy\" width=\"399\" height=\"163\" data-id=\"12\"  src=\"https:\/\/koivukylanapteekki.fi\/wp-content\/uploads\/2023\/05\/Koivukylan_Logo-2.jpg\" alt=\"\" class=\"wp-image-12\" srcset=\"https:\/\/koivukylanapteekki.fi\/wp-content\/uploads\/2023\/05\/Koivukylan_Logo-2.jpg 399w, https:\/\/koivukylanapteekki.fi\/wp-content\/uploads\/2023\/05\/Koivukylan_Logo-2-300x123.jpg 300w\" sizes=\"(max-width: 399px) 100vw, 399px\" \/><\/figure>\n<\/figure>\n\n\n\n<p>Tervetuloa hyv\u00e4n palvelun apteekkiin. Saat meilt\u00e4 l\u00e4\u00e4kkeet, itsehoitotuotteet sek\u00e4 laajan valikoiman laadukasta apteekkikosmetiikkaa \u2013 ja asiantuntijan hyv\u00e4t neuvot kaupan p\u00e4\u00e4lle. Apteekkimme sijaitsee Koivukyl\u00e4n Citymarketin yhteydess\u00e4 hyvien kulkuyhteyksien p\u00e4\u00e4ss\u00e4. Rakennuksen l\u00e4mpim\u00e4ss\u00e4 parkkihallissa on my\u00f6s runsaasti ilmaista parkkitilaa. Olemme t\u00e4\u00e4ll\u00e4 terveytesi ja hyvinvointisi t\u00e4hden \u2013 tervetuloa!<\/p>\n\n\n\n<p>Ojalehdonkuja 1, 01400 Vantaa (Koivukyl\u00e4n Citymarketin yhteydess\u00e4)<br>puh. 09 871 0826<br>apteekki@koivukylanapteekki.fi<br>FAX-numero 09 271 0125<\/p>\n\n\n\n<h2>Aukioloajat<\/h2>\n\n\n\n<p>ma-pe klo 7.30-21.00<br>la klo 8.30-19.00<br>su ja pyh\u00e4p\u00e4iv\u00e4t klo 10.00-16.00<strong><br><\/strong>P\u00e4\u00e4si\u00e4isen aukioloajat: <\/p>\n\n\n\n<p>3.4.26 klo 10.00-16.00<\/p>\n\n\n\n<p>5.4.26 klo 10.00-16.00<\/p>\n\n\n\n<p>6.4.26 klo 10.00-16.00<\/p>\n\n\n\n<p><\/p>\n\n\n\n<p>Palvelemme vuoden jokaisena p\u00e4iv\u00e4n\u00e4 (pyhin\u00e4 sunnuntaiaukioloin).<\/p>\n\n\n\n<p><\/p>\n\n\n\n<p><\/p>\n","protected":false},"excerpt":{"rendered":"<p>Tervetuloa hyv\u00e4n palvelun apteekkiin. Saat meilt\u00e4 l\u00e4\u00e4kkeet, itsehoitotuotteet sek\u00e4 laajan valikoiman laadukasta apteekkikosmetiikkaa \u2013 ja asiantuntijan hyv\u00e4t neuvot kaupan p\u00e4\u00e4lle. Apteekkimme sijaitsee Koivukyl\u00e4n Citymarketin yhteydess\u00e4 hyvien kulkuyhteyksien p\u00e4\u00e4ss\u00e4. Rakennuksen l\u00e4mpim\u00e4ss\u00e4 parkkihallissa on my\u00f6s runsaasti ilmaista parkkitilaa. Olemme t\u00e4\u00e4ll\u00e4 terveytesi ja hyvinvointisi t\u00e4hden \u2013 tervetuloa! Ojalehdonkuja 1, 01400 Vantaa (Koivukyl\u00e4n Citymarketin yhteydess\u00e4)puh. 09 871 0826apteekki@koivukylanapteekki.fiFAX-numero 09&hellip; <a class=\"more-link\" href=\"https:\/\/koivukylanapteekki.fi\/\">Continue reading <span class=\"screen-reader-text\">Untitled<\/span><\/a><\/p>\n","protected":false},"author":1,"featured_media":0,"parent":0,"menu_order":0,"comment_status":"closed","ping_status":"open","template":"","meta":[],"_links":{"self":[{"href":"https:\/\/koivukylanapteekki.fi\/index.php?rest_route=\/wp\/v2\/pages\/2"}],"collection":[{"href":"https:\/\/koivukylanapteekki.fi\/index.php?rest_route=\/wp\/v2\/pages"}],"about":[{"href":"https:\/\/koivukylanapteekki.fi\/index.php?rest_route=\/wp\/v2\/types\/page"}],"author":[{"embeddable":true,"href":"https:\/\/koivukylanapteekki.fi\/index.php?rest_route=\/wp\/v2\/users\/1"}],"replies":[{"embeddable":true,"href":"https:\/\/koivukylanapteekki.fi\/index.php?rest_route=%2Fwp%2Fv2%2Fcomments&post=2"}],"version-history":[{"count":23,"href":"https:\/\/koivukylanapteekki.fi\/index.php?rest_route=\/wp\/v2\/pages\/2\/revisions"}],"predecessor-version":[{"id":53,"href":"https:\/\/koivukylanapteekki.fi\/index.php?rest_route=\/wp\/v2\/pages\/2\/revisions\/53"}],"wp:attachment":[{"href":"https:\/\/koivukylanapteekki.fi\/index.php?rest_route=%2Fwp%2Fv2%2Fmedia&parent=2"}],"curies":[{"name":"wp","href":"https:\/\/api.w.org\/{rel}","templated":true}]}}